{"id":889,"date":"2022-12-11T19:07:30","date_gmt":"2022-12-11T19:07:30","guid":{"rendered":"https:\/\/us.grupoalgamar.com\/product\/ulva\/"},"modified":"2022-12-11T23:16:39","modified_gmt":"2022-12-11T23:16:39","slug":"ulva","status":"publish","type":"product","link":"https:\/\/grupoalgamar.com\/es\/producto\/ulva\/","title":{"rendered":"ULVA"},"content":{"rendered":"<p>Tambi\u00e9n conocida como Lechuga de Mar o lechuguilla. Planta de color verde amarillento, depende de su exposici\u00f3n al sol (fotos\u00edntesis). Hojas largas y delgadas, cuando son secas parecen hojuelas, al rehidratar se desenvuelven. Ocasionalmente tienen algunos peque\u00f1os agujeros en sus frondas. Textura en fresco como de papel encerado.<\/p>\n","protected":false},"excerpt":{"rendered":"<p>Tambi\u00e9n conocida como Lechuga de Mar o lechuguilla. Planta de color verde amarillento, depende de su exposici\u00f3n al sol (fotos\u00edntesis). Hojas largas y delgadas, cuando son secas parecen hojuelas, al rehidratar se desenvuelven. Ocasionalmente tienen algunos peque\u00f1os agujeros en sus frondas. Textura en fresco como de papel encerado.<\/p>\n","protected":false},"featured_media":923,"comment_status":"open","ping_status":"closed","template":"","meta":{"_acf_changed":false,"_et_pb_use_builder":"","_et_pb_old_content":"","_et_gb_content_width":"","wds_primary_product_brand":0,"wds_primary_product_cat":0},"product_brand":[],"product_cat":[33],"product_tag":[],"class_list":{"0":"post-889","1":"product","2":"type-product","3":"status-publish","4":"has-post-thumbnail","6":"product_cat-sin-categorizar","8":"first","9":"instock","10":"shipping-taxable","11":"product-type-simple"},"acf":[],"_links":{"self":[{"href":"https:\/\/grupoalgamar.com\/es\/wp-json\/wp\/v2\/product\/889","targetHints":{"allow":["GET"]}}],"collection":[{"href":"https:\/\/grupoalgamar.com\/es\/wp-json\/wp\/v2\/product"}],"about":[{"href":"https:\/\/grupoalgamar.com\/es\/wp-json\/wp\/v2\/types\/product"}],"replies":[{"embeddable":true,"href":"https:\/\/grupoalgamar.com\/es\/wp-json\/wp\/v2\/comments?post=889"}],"wp:featuredmedia":[{"embeddable":true,"href":"https:\/\/grupoalgamar.com\/es\/wp-json\/wp\/v2\/media\/923"}],"wp:attachment":[{"href":"https:\/\/grupoalgamar.com\/es\/wp-json\/wp\/v2\/media?parent=889"}],"wp:term":[{"taxonomy":"product_brand","embeddable":true,"href":"https:\/\/grupoalgamar.com\/es\/wp-json\/wp\/v2\/product_brand?post=889"},{"taxonomy":"product_cat","embeddable":true,"href":"https:\/\/grupoalgamar.com\/es\/wp-json\/wp\/v2\/product_cat?post=889"},{"taxonomy":"product_tag","embeddable":true,"href":"https:\/\/grupoalgamar.com\/es\/wp-json\/wp\/v2\/product_tag?post=889"}],"curies":[{"name":"wp","href":"https:\/\/api.w.org\/{rel}","templated":true}]}}