{"id":887,"date":"2022-12-11T19:07:30","date_gmt":"2022-12-11T19:07:30","guid":{"rendered":"https:\/\/us.grupoalgamar.com\/product\/sagarme\/"},"modified":"2022-12-11T23:15:59","modified_gmt":"2022-12-11T23:15:59","slug":"sagarme","status":"publish","type":"product","link":"https:\/\/grupoalgamar.com\/es\/producto\/sagarme\/","title":{"rendered":"SAGARME"},"content":{"rendered":"<p>Tambi\u00e9n conocida como Arame. Alga parda color caf\u00e9-amarillento. Cuando est\u00e1 seca es de un color negro intenso. Mucilaginosa, con mucho alginato y fucoidan.<\/p>\n","protected":false},"excerpt":{"rendered":"<p>Tambi\u00e9n conocida como Arame. Alga parda color caf\u00e9-amarillento. Cuando est\u00e1 seca es de un color negro intenso. Mucilaginosa, con mucho alginato y fucoidan.<\/p>\n","protected":false},"featured_media":915,"comment_status":"open","ping_status":"closed","template":"","meta":{"_acf_changed":false,"_et_pb_use_builder":"","_et_pb_old_content":"","_et_gb_content_width":"","wds_primary_product_brand":0,"wds_primary_product_cat":0},"product_brand":[],"product_cat":[],"product_tag":[],"class_list":{"0":"post-887","1":"product","2":"type-product","3":"status-publish","4":"has-post-thumbnail","7":"first","8":"instock","9":"shipping-taxable","10":"product-type-simple"},"acf":[],"_links":{"self":[{"href":"https:\/\/grupoalgamar.com\/es\/wp-json\/wp\/v2\/product\/887","targetHints":{"allow":["GET"]}}],"collection":[{"href":"https:\/\/grupoalgamar.com\/es\/wp-json\/wp\/v2\/product"}],"about":[{"href":"https:\/\/grupoalgamar.com\/es\/wp-json\/wp\/v2\/types\/product"}],"replies":[{"embeddable":true,"href":"https:\/\/grupoalgamar.com\/es\/wp-json\/wp\/v2\/comments?post=887"}],"wp:featuredmedia":[{"embeddable":true,"href":"https:\/\/grupoalgamar.com\/es\/wp-json\/wp\/v2\/media\/915"}],"wp:attachment":[{"href":"https:\/\/grupoalgamar.com\/es\/wp-json\/wp\/v2\/media?parent=887"}],"wp:term":[{"taxonomy":"product_brand","embeddable":true,"href":"https:\/\/grupoalgamar.com\/es\/wp-json\/wp\/v2\/product_brand?post=887"},{"taxonomy":"product_cat","embeddable":true,"href":"https:\/\/grupoalgamar.com\/es\/wp-json\/wp\/v2\/product_cat?post=887"},{"taxonomy":"product_tag","embeddable":true,"href":"https:\/\/grupoalgamar.com\/es\/wp-json\/wp\/v2\/product_tag?post=887"}],"curies":[{"name":"wp","href":"https:\/\/api.w.org\/{rel}","templated":true}]}}