{"id":885,"date":"2022-12-11T19:07:29","date_gmt":"2022-12-11T19:07:29","guid":{"rendered":"https:\/\/us.grupoalgamar.com\/product\/kelp\/"},"modified":"2022-12-11T23:14:55","modified_gmt":"2022-12-11T23:14:55","slug":"kelp","status":"publish","type":"product","link":"https:\/\/grupoalgamar.com\/es\/producto\/kelp\/","title":{"rendered":"KELP"},"content":{"rendered":"<p>Tambi\u00e9n conocida como kelp gigante o sargazo gigante. Alga color caf\u00e9-amarillo traslucido. Crece como un \u00e1rbol, desde el piso hacia la superficie y sigue creciendo, sus ramas crecen de abajo para arriba y constan de un flotador por cada fronda, estos llenos de CO2, lo que la mantiene en direcci\u00f3n hacia la superficie. Altamente mucilaginosa, con mucho alginato; esto ayuda a que al rehidratarse o entrar en contacto con cualquier superficie h\u00fameda, retome su forma y textura r\u00e1pidamente, aportando rastros de sus propiedades sobre lo que toca.<\/p>\n","protected":false},"excerpt":{"rendered":"<p>Tambi\u00e9n conocida como kelp gigante o sargazo gigante. Alga color caf\u00e9-amarillo traslucido. Crece como un \u00e1rbol, desde el piso hacia la superficie y sigue creciendo, sus ramas crecen de abajo para arriba y constan de un flotador por cada fronda, estos llenos de CO2, lo que la mantiene en direcci\u00f3n hacia la superficie. Altamente mucilaginosa, [&hellip;]<\/p>\n","protected":false},"featured_media":905,"comment_status":"open","ping_status":"closed","template":"","meta":{"_acf_changed":false,"_et_pb_use_builder":"","_et_pb_old_content":"","_et_gb_content_width":"","wds_primary_product_brand":0,"wds_primary_product_cat":0},"product_brand":[],"product_cat":[],"product_tag":[],"class_list":{"0":"post-885","1":"product","2":"type-product","3":"status-publish","4":"has-post-thumbnail","7":"first","8":"instock","9":"shipping-taxable","10":"product-type-simple"},"acf":[],"_links":{"self":[{"href":"https:\/\/grupoalgamar.com\/es\/wp-json\/wp\/v2\/product\/885","targetHints":{"allow":["GET"]}}],"collection":[{"href":"https:\/\/grupoalgamar.com\/es\/wp-json\/wp\/v2\/product"}],"about":[{"href":"https:\/\/grupoalgamar.com\/es\/wp-json\/wp\/v2\/types\/product"}],"replies":[{"embeddable":true,"href":"https:\/\/grupoalgamar.com\/es\/wp-json\/wp\/v2\/comments?post=885"}],"wp:featuredmedia":[{"embeddable":true,"href":"https:\/\/grupoalgamar.com\/es\/wp-json\/wp\/v2\/media\/905"}],"wp:attachment":[{"href":"https:\/\/grupoalgamar.com\/es\/wp-json\/wp\/v2\/media?parent=885"}],"wp:term":[{"taxonomy":"product_brand","embeddable":true,"href":"https:\/\/grupoalgamar.com\/es\/wp-json\/wp\/v2\/product_brand?post=885"},{"taxonomy":"product_cat","embeddable":true,"href":"https:\/\/grupoalgamar.com\/es\/wp-json\/wp\/v2\/product_cat?post=885"},{"taxonomy":"product_tag","embeddable":true,"href":"https:\/\/grupoalgamar.com\/es\/wp-json\/wp\/v2\/product_tag?post=885"}],"curies":[{"name":"wp","href":"https:\/\/api.w.org\/{rel}","templated":true}]}}