{"id":883,"date":"2022-12-11T19:07:29","date_gmt":"2022-12-12T03:07:29","guid":{"rendered":"https:\/\/us.grupoalgamar.com\/product\/kaviar-negro\/"},"modified":"2025-05-14T10:48:04","modified_gmt":"2025-05-14T17:48:04","slug":"black-kaviar","status":"publish","type":"product","link":"https:\/\/grupoalgamar.com\/es\/producto\/black-kaviar\/","title":{"rendered":"BLACK KAVIAR"},"content":{"rendered":"<p>Tambi\u00e9n conocido como perlas de algas o Sagarame Kaviar. Esferificaciones de alginato negro extra\u00eddo directamente del alga Sagarame, con intenso sabor a mar procedente del alga Codium. No contiene conservantes qu\u00edmicos ni colorantes artificiales. 100% vegano y sin gluten.<\/p>\n","protected":false},"excerpt":{"rendered":"<p>Tambi\u00e9n conocido como perlas de algas o Sagarame Kaviar. Esferificaciones de alginato negro extra\u00eddo directamente del alga Sagarame, con intenso sabor a mar procedente del alga Codium. No contiene conservantes qu\u00edmicos ni colorantes artificiales. 100% vegano y sin gluten.<\/p>\n","protected":false},"featured_media":1436,"comment_status":"open","ping_status":"closed","template":"","meta":{"_acf_changed":false,"_et_pb_use_builder":"","_et_pb_old_content":"","_et_gb_content_width":"","wds_primary_product_brand":0,"wds_primary_product_cat":0},"product_brand":[],"product_cat":[33],"product_tag":[],"class_list":{"0":"post-883","1":"product","2":"type-product","3":"status-publish","4":"has-post-thumbnail","6":"product_cat-sin-categorizar","8":"first","9":"instock","10":"shipping-taxable","11":"product-type-simple"},"acf":[],"_links":{"self":[{"href":"https:\/\/grupoalgamar.com\/es\/wp-json\/wp\/v2\/product\/883","targetHints":{"allow":["GET"]}}],"collection":[{"href":"https:\/\/grupoalgamar.com\/es\/wp-json\/wp\/v2\/product"}],"about":[{"href":"https:\/\/grupoalgamar.com\/es\/wp-json\/wp\/v2\/types\/product"}],"replies":[{"embeddable":true,"href":"https:\/\/grupoalgamar.com\/es\/wp-json\/wp\/v2\/comments?post=883"}],"wp:featuredmedia":[{"embeddable":true,"href":"https:\/\/grupoalgamar.com\/es\/wp-json\/wp\/v2\/media\/1436"}],"wp:attachment":[{"href":"https:\/\/grupoalgamar.com\/es\/wp-json\/wp\/v2\/media?parent=883"}],"wp:term":[{"taxonomy":"product_brand","embeddable":true,"href":"https:\/\/grupoalgamar.com\/es\/wp-json\/wp\/v2\/product_brand?post=883"},{"taxonomy":"product_cat","embeddable":true,"href":"https:\/\/grupoalgamar.com\/es\/wp-json\/wp\/v2\/product_cat?post=883"},{"taxonomy":"product_tag","embeddable":true,"href":"https:\/\/grupoalgamar.com\/es\/wp-json\/wp\/v2\/product_tag?post=883"}],"curies":[{"name":"wp","href":"https:\/\/api.w.org\/{rel}","templated":true}]}}