{"id":876,"date":"2022-10-12T17:38:23","date_gmt":"2022-10-12T17:38:23","guid":{"rendered":"https:\/\/us.grupoalgamar.com\/product\/algaballo\/"},"modified":"2022-12-11T23:22:19","modified_gmt":"2022-12-11T23:22:19","slug":"algaballo","status":"publish","type":"product","link":"https:\/\/grupoalgamar.com\/es\/producto\/algaballo\/","title":{"rendered":"ALGABALLO"},"content":{"rendered":"<p>Algaballo\u00ae (F\u00f3rmula Equina) es un ingrediente alimentario totalmente natural y org\u00e1nico compuesto por una mezcla formulada de algas marinas espec\u00edficas. La compleja mezcla utilizada se cosecha de forma sostenible en la costa norte del Pac\u00edfico.<\/p>\n<p>La belleza de Algaballo\u00ae (F\u00f3rmula Equine) reside en su simplicidad. Si tus caballos o ponis son capaces de absorber m\u00e1s nutrientes del alimento que les das, prosperar\u00e1n y rendir\u00e1n m\u00e1s.<\/p>\n<p>Los propietarios de caballos conocen la dieta y la absorci\u00f3n de nutrientes, y lo importantes que son para la salud general del caballo. Por ello, los propietarios de caballos suelen invertir importantes sumas de dinero en alimentos de calidad para sus caballos y ponis. <\/p>\n<p>Sin embargo, la absorci\u00f3n de nutrientes de estos alimentos se ver\u00e1 reducida si la salud intestinal de tu caballo o poni es deficiente.<\/p>\n","protected":false},"excerpt":{"rendered":"<p>Algaballo\u00ae (F\u00f3rmula Equina) es un ingrediente alimentario totalmente natural y org\u00e1nico compuesto por una mezcla formulada de algas marinas espec\u00edficas. La compleja mezcla utilizada se cosecha de forma sostenible en la costa norte del Pac\u00edfico. La belleza de Algaballo\u00ae (F\u00f3rmula Equine) reside en su simplicidad. Si tus caballos o ponis son capaces de absorber m\u00e1s [&hellip;]<\/p>\n","protected":false},"featured_media":0,"comment_status":"open","ping_status":"closed","template":"","meta":{"_acf_changed":false,"_et_pb_use_builder":"","_et_pb_old_content":"","_et_gb_content_width":"","wds_primary_product_brand":0,"wds_primary_product_cat":0},"product_brand":[],"product_cat":[33],"product_tag":[],"class_list":{"0":"post-876","1":"product","2":"type-product","3":"status-publish","5":"product_cat-sin-categorizar","7":"first","8":"instock","9":"shipping-taxable","10":"product-type-simple"},"acf":[],"_links":{"self":[{"href":"https:\/\/grupoalgamar.com\/es\/wp-json\/wp\/v2\/product\/876","targetHints":{"allow":["GET"]}}],"collection":[{"href":"https:\/\/grupoalgamar.com\/es\/wp-json\/wp\/v2\/product"}],"about":[{"href":"https:\/\/grupoalgamar.com\/es\/wp-json\/wp\/v2\/types\/product"}],"replies":[{"embeddable":true,"href":"https:\/\/grupoalgamar.com\/es\/wp-json\/wp\/v2\/comments?post=876"}],"wp:attachment":[{"href":"https:\/\/grupoalgamar.com\/es\/wp-json\/wp\/v2\/media?parent=876"}],"wp:term":[{"taxonomy":"product_brand","embeddable":true,"href":"https:\/\/grupoalgamar.com\/es\/wp-json\/wp\/v2\/product_brand?post=876"},{"taxonomy":"product_cat","embeddable":true,"href":"https:\/\/grupoalgamar.com\/es\/wp-json\/wp\/v2\/product_cat?post=876"},{"taxonomy":"product_tag","embeddable":true,"href":"https:\/\/grupoalgamar.com\/es\/wp-json\/wp\/v2\/product_tag?post=876"}],"curies":[{"name":"wp","href":"https:\/\/api.w.org\/{rel}","templated":true}]}}