{"id":875,"date":"2022-10-12T17:37:41","date_gmt":"2022-10-12T17:37:41","guid":{"rendered":"https:\/\/us.grupoalgamar.com\/product\/alganado\/"},"modified":"2022-12-11T23:23:18","modified_gmt":"2022-12-11T23:23:18","slug":"alganado","status":"publish","type":"product","link":"https:\/\/grupoalgamar.com\/es\/producto\/alganado\/","title":{"rendered":"ALGANADO"},"content":{"rendered":"<p>Alganado\u00ae Bovine Alga Formula se ha seleccionado espec\u00edficamente por las propiedades bioactivas que tendr\u00e1 el mejor impacto en el aumento de la salud general y el rendimiento. Las propiedades presentes en Alganado\u00ae Bovine Formula contribuir\u00e1n a la fertilidad, la calidad de la leche, reducir\u00e1n los d\u00edas de engorde y permitir\u00e1n una mayor reducci\u00f3n de los costos totales de alimentaci\u00f3n para t\u00ed, el ganadero.<\/p>\n<p>Al incluir una peque\u00f1a cantidad de Alganado\u00ae Bovine Formula en la alimentaci\u00f3n diaria de tus animales, puedes ayudar a mejorar el tracto digestivo del animal. Esto permite a tus animales absorber m\u00e1s nutrientes de los alimentos y, por lo tanto, mejorar su salud en general.<\/p>\n","protected":false},"excerpt":{"rendered":"<p>Alganado\u00ae Bovine Alga Formula se ha seleccionado espec\u00edficamente por las propiedades bioactivas que tendr\u00e1 el mejor impacto en el aumento de la salud general y el rendimiento. Las propiedades presentes en Alganado\u00ae Bovine Formula contribuir\u00e1n a la fertilidad, la calidad de la leche, reducir\u00e1n los d\u00edas de engorde y permitir\u00e1n una mayor reducci\u00f3n de los [&hellip;]<\/p>\n","protected":false},"featured_media":0,"comment_status":"open","ping_status":"closed","template":"","meta":{"_acf_changed":false,"_et_pb_use_builder":"","_et_pb_old_content":"","_et_gb_content_width":"","wds_primary_product_brand":0,"wds_primary_product_cat":0},"product_brand":[],"product_cat":[33],"product_tag":[],"class_list":{"0":"post-875","1":"product","2":"type-product","3":"status-publish","5":"product_cat-sin-categorizar","7":"first","8":"instock","9":"shipping-taxable","10":"product-type-simple"},"acf":[],"_links":{"self":[{"href":"https:\/\/grupoalgamar.com\/es\/wp-json\/wp\/v2\/product\/875","targetHints":{"allow":["GET"]}}],"collection":[{"href":"https:\/\/grupoalgamar.com\/es\/wp-json\/wp\/v2\/product"}],"about":[{"href":"https:\/\/grupoalgamar.com\/es\/wp-json\/wp\/v2\/types\/product"}],"replies":[{"embeddable":true,"href":"https:\/\/grupoalgamar.com\/es\/wp-json\/wp\/v2\/comments?post=875"}],"wp:attachment":[{"href":"https:\/\/grupoalgamar.com\/es\/wp-json\/wp\/v2\/media?parent=875"}],"wp:term":[{"taxonomy":"product_brand","embeddable":true,"href":"https:\/\/grupoalgamar.com\/es\/wp-json\/wp\/v2\/product_brand?post=875"},{"taxonomy":"product_cat","embeddable":true,"href":"https:\/\/grupoalgamar.com\/es\/wp-json\/wp\/v2\/product_cat?post=875"},{"taxonomy":"product_tag","embeddable":true,"href":"https:\/\/grupoalgamar.com\/es\/wp-json\/wp\/v2\/product_tag?post=875"}],"curies":[{"name":"wp","href":"https:\/\/api.w.org\/{rel}","templated":true}]}}