{"id":873,"date":"2022-10-12T17:36:05","date_gmt":"2022-10-12T17:36:05","guid":{"rendered":"https:\/\/us.grupoalgamar.com\/product\/mega-smart-kelp\/"},"modified":"2022-12-11T23:20:49","modified_gmt":"2022-12-11T23:20:49","slug":"mega-smart-kelp","status":"publish","type":"product","link":"https:\/\/grupoalgamar.com\/es\/producto\/mega-smart-kelp\/","title":{"rendered":"MEGA SMART KELP"},"content":{"rendered":"<p>MegaSmartKelp\u00ae es una mezcla concentrada de algas 100% en polvo que, debido a su composici\u00f3n bioqu\u00edmica natural, es una fuente rica en inmunoestimulantes naturales procedentes de algas, minerales y oligosac\u00e1ridos. Se trata de un inmunoestimulante de pellets org\u00e1nico, de larga termo-reacci\u00f3n y de generaci\u00f3n avanzada, con resultados excepcionales a niveles de inclusi\u00f3n muy bajos.<\/p>\n","protected":false},"excerpt":{"rendered":"<p>MegaSmartKelp\u00ae es una mezcla concentrada de algas 100% en polvo que, debido a su composici\u00f3n bioqu\u00edmica natural, es una fuente rica en inmunoestimulantes naturales procedentes de algas, minerales y oligosac\u00e1ridos. Se trata de un inmunoestimulante de pellets org\u00e1nico, de larga termo-reacci\u00f3n y de generaci\u00f3n avanzada, con resultados excepcionales a niveles de inclusi\u00f3n muy bajos.<\/p>\n","protected":false},"featured_media":0,"comment_status":"open","ping_status":"closed","template":"","meta":{"_acf_changed":false,"_et_pb_use_builder":"","_et_pb_old_content":"","_et_gb_content_width":"","wds_primary_product_brand":0,"wds_primary_product_cat":0},"product_brand":[],"product_cat":[33],"product_tag":[],"class_list":{"0":"post-873","1":"product","2":"type-product","3":"status-publish","5":"product_cat-sin-categorizar","7":"first","8":"instock","9":"shipping-taxable","10":"product-type-simple"},"acf":[],"_links":{"self":[{"href":"https:\/\/grupoalgamar.com\/es\/wp-json\/wp\/v2\/product\/873","targetHints":{"allow":["GET"]}}],"collection":[{"href":"https:\/\/grupoalgamar.com\/es\/wp-json\/wp\/v2\/product"}],"about":[{"href":"https:\/\/grupoalgamar.com\/es\/wp-json\/wp\/v2\/types\/product"}],"replies":[{"embeddable":true,"href":"https:\/\/grupoalgamar.com\/es\/wp-json\/wp\/v2\/comments?post=873"}],"wp:attachment":[{"href":"https:\/\/grupoalgamar.com\/es\/wp-json\/wp\/v2\/media?parent=873"}],"wp:term":[{"taxonomy":"product_brand","embeddable":true,"href":"https:\/\/grupoalgamar.com\/es\/wp-json\/wp\/v2\/product_brand?post=873"},{"taxonomy":"product_cat","embeddable":true,"href":"https:\/\/grupoalgamar.com\/es\/wp-json\/wp\/v2\/product_cat?post=873"},{"taxonomy":"product_tag","embeddable":true,"href":"https:\/\/grupoalgamar.com\/es\/wp-json\/wp\/v2\/product_tag?post=873"}],"curies":[{"name":"wp","href":"https:\/\/api.w.org\/{rel}","templated":true}]}}