{"id":871,"date":"2022-12-10T00:35:48","date_gmt":"2022-12-10T00:35:48","guid":{"rendered":"https:\/\/us.grupoalgamar.com\/?post_type=product&#038;p=871"},"modified":"2022-12-10T00:42:33","modified_gmt":"2022-12-10T00:42:33","slug":"gel-limpiador","status":"publish","type":"product","link":"https:\/\/grupoalgamar.com\/es\/producto\/gel-limpiador\/","title":{"rendered":"Gel limpiador"},"content":{"rendered":"<p>Se maquille o no, hay que limpiar el cutis por la noche, porque durante todo el d\u00eda el rostro acumula suciedad y secreciones naturales, lo que forma una capa que, de no retirarse, impide respirar adecuadamente a los poros. Por la ma\u00f1ana, para eliminar grasa, transpiraci\u00f3n y restos de las cremas nocturnas o bien antes de un tratamiento profesional en cabina.<\/p>\n<p>Aplique la crema limpiadora en cara y cuello, dando masaje en forma circular con la yema de los dedos y retire el exceso con un algod\u00f3n h\u00famedo.<\/p>\n<p>El Gel limpiador no s\u00f3lo se limita a retirar la suciedad y maquillaje,  tambi\u00e9n tiene acci\u00f3n nutritiva y humectante ya que contienen vitaminas y complejos herbales que respetan el equilibrio de la capa hidrolip\u00eddica de la piel.<\/p>\n","protected":false},"excerpt":{"rendered":"<p>Se maquille o no, hay que limpiar el cutis por la noche, porque durante todo el d\u00eda el rostro acumula suciedad y secreciones naturales, lo que forma una capa que, de no retirarse, impide respirar adecuadamente a los poros. Por la ma\u00f1ana, para eliminar grasa, transpiraci\u00f3n y restos de las cremas nocturnas o bien antes [&hellip;]<\/p>\n","protected":false},"featured_media":722,"comment_status":"open","ping_status":"closed","template":"","meta":{"_acf_changed":false,"_et_pb_use_builder":"","_et_pb_old_content":"","_et_gb_content_width":"","wds_primary_product_brand":0,"wds_primary_product_cat":0},"product_brand":[],"product_cat":[33],"product_tag":[],"class_list":{"0":"post-871","1":"product","2":"type-product","3":"status-publish","4":"has-post-thumbnail","6":"product_cat-sin-categorizar","8":"first","9":"instock","10":"shipping-taxable","11":"product-type-simple"},"acf":[],"_links":{"self":[{"href":"https:\/\/grupoalgamar.com\/es\/wp-json\/wp\/v2\/product\/871","targetHints":{"allow":["GET"]}}],"collection":[{"href":"https:\/\/grupoalgamar.com\/es\/wp-json\/wp\/v2\/product"}],"about":[{"href":"https:\/\/grupoalgamar.com\/es\/wp-json\/wp\/v2\/types\/product"}],"replies":[{"embeddable":true,"href":"https:\/\/grupoalgamar.com\/es\/wp-json\/wp\/v2\/comments?post=871"}],"wp:featuredmedia":[{"embeddable":true,"href":"https:\/\/grupoalgamar.com\/es\/wp-json\/wp\/v2\/media\/722"}],"wp:attachment":[{"href":"https:\/\/grupoalgamar.com\/es\/wp-json\/wp\/v2\/media?parent=871"}],"wp:term":[{"taxonomy":"product_brand","embeddable":true,"href":"https:\/\/grupoalgamar.com\/es\/wp-json\/wp\/v2\/product_brand?post=871"},{"taxonomy":"product_cat","embeddable":true,"href":"https:\/\/grupoalgamar.com\/es\/wp-json\/wp\/v2\/product_cat?post=871"},{"taxonomy":"product_tag","embeddable":true,"href":"https:\/\/grupoalgamar.com\/es\/wp-json\/wp\/v2\/product_tag?post=871"}],"curies":[{"name":"wp","href":"https:\/\/api.w.org\/{rel}","templated":true}]}}