{"id":870,"date":"2022-12-10T00:34:43","date_gmt":"2022-12-10T00:34:43","guid":{"rendered":"https:\/\/us.grupoalgamar.com\/?post_type=product&#038;p=870"},"modified":"2022-12-10T00:43:07","modified_gmt":"2022-12-10T00:43:07","slug":"gel-reparador-de-arrugas-contorno-de-ojos","status":"publish","type":"product","link":"https:\/\/grupoalgamar.com\/es\/producto\/gel-reparador-de-arrugas-contorno-de-ojos\/","title":{"rendered":"Gel reparador de arrugas &#8211; Contorno de ojos"},"content":{"rendered":"<p>Los ingredientes principales tales como Algas Marinas, ceramidas y betaglucanos le confieren a la piel las siguientes propiedades: \u201cfunci\u00f3n Barrera Epid\u00e9rmica\u201d protegi\u00e9ndola de agresiones externas, tanto mec\u00e1nicas, f\u00edsicas, qu\u00edmicas y microbiol\u00f3gicas.<\/p>\n<p>Usar diariamente por la ma\u00f1ana y por la noche alrededor de los ojos con suaves toques y masajes hasta su total penetraci\u00f3n. En caso de irritaciones o si observa alguna reacci\u00f3n desfavorable suspenda su uso.<\/p>\n","protected":false},"excerpt":{"rendered":"<p>Los ingredientes principales tales como Algas Marinas, ceramidas y betaglucanos le confieren a la piel las siguientes propiedades: \u201cfunci\u00f3n Barrera Epid\u00e9rmica\u201d protegi\u00e9ndola de agresiones externas, tanto mec\u00e1nicas, f\u00edsicas, qu\u00edmicas y microbiol\u00f3gicas. Usar diariamente por la ma\u00f1ana y por la noche alrededor de los ojos con suaves toques y masajes hasta su total penetraci\u00f3n. En caso [&hellip;]<\/p>\n","protected":false},"featured_media":723,"comment_status":"open","ping_status":"closed","template":"","meta":{"_acf_changed":false,"_et_pb_use_builder":"","_et_pb_old_content":"","_et_gb_content_width":"","wds_primary_product_brand":0,"wds_primary_product_cat":0},"product_brand":[],"product_cat":[33],"product_tag":[],"class_list":{"0":"post-870","1":"product","2":"type-product","3":"status-publish","4":"has-post-thumbnail","6":"product_cat-sin-categorizar","8":"first","9":"instock","10":"shipping-taxable","11":"product-type-simple"},"acf":[],"_links":{"self":[{"href":"https:\/\/grupoalgamar.com\/es\/wp-json\/wp\/v2\/product\/870","targetHints":{"allow":["GET"]}}],"collection":[{"href":"https:\/\/grupoalgamar.com\/es\/wp-json\/wp\/v2\/product"}],"about":[{"href":"https:\/\/grupoalgamar.com\/es\/wp-json\/wp\/v2\/types\/product"}],"replies":[{"embeddable":true,"href":"https:\/\/grupoalgamar.com\/es\/wp-json\/wp\/v2\/comments?post=870"}],"wp:featuredmedia":[{"embeddable":true,"href":"https:\/\/grupoalgamar.com\/es\/wp-json\/wp\/v2\/media\/723"}],"wp:attachment":[{"href":"https:\/\/grupoalgamar.com\/es\/wp-json\/wp\/v2\/media?parent=870"}],"wp:term":[{"taxonomy":"product_brand","embeddable":true,"href":"https:\/\/grupoalgamar.com\/es\/wp-json\/wp\/v2\/product_brand?post=870"},{"taxonomy":"product_cat","embeddable":true,"href":"https:\/\/grupoalgamar.com\/es\/wp-json\/wp\/v2\/product_cat?post=870"},{"taxonomy":"product_tag","embeddable":true,"href":"https:\/\/grupoalgamar.com\/es\/wp-json\/wp\/v2\/product_tag?post=870"}],"curies":[{"name":"wp","href":"https:\/\/api.w.org\/{rel}","templated":true}]}}