{"id":866,"date":"2022-12-10T00:14:52","date_gmt":"2022-12-10T00:14:52","guid":{"rendered":"https:\/\/us.grupoalgamar.com\/?post_type=product&#038;p=866"},"modified":"2022-12-10T00:43:23","modified_gmt":"2022-12-10T00:43:23","slug":"crema-de-dia-hidratante-y-protectora-lift-1","status":"publish","type":"product","link":"https:\/\/grupoalgamar.com\/es\/producto\/crema-de-dia-hidratante-y-protectora-lift-1\/","title":{"rendered":"Crema de d\u00eda &#8211; Hidratante y Protectora (LIFT 1)"},"content":{"rendered":"<p>Debido al estr\u00e9s, el cansancio y la edad, la piel del rostro empieza a perder energ\u00eda, por lo que se debilita volvi\u00e9ndose menos firme y las l\u00edneas se acent\u00faan transform\u00e1ndose en arrugas. Es indispensable hidratarla diariamente para que conserve su suavidad y su tacto sedoso, devolverle esa frescura y luminosidad, definir los rasgos y atenuar las l\u00edneas finas.<\/p>\n<p>Se recomienda su uso diario por la ma\u00f1ana, despu\u00e9s de la limpieza habitual. Evite la zona alrededor de los ojos. En caso de irritaciones o si observa alguna reacci\u00f3n desfavorable suspenda su uso.<\/p>\n","protected":false},"excerpt":{"rendered":"<p>Debido al estr\u00e9s, el cansancio y la edad, la piel del rostro empieza a perder energ\u00eda, por lo que se debilita volvi\u00e9ndose menos firme y las l\u00edneas se acent\u00faan transform\u00e1ndose en arrugas. Es indispensable hidratarla diariamente para que conserve su suavidad y su tacto sedoso, devolverle esa frescura y luminosidad, definir los rasgos y atenuar [&hellip;]<\/p>\n","protected":false},"featured_media":720,"comment_status":"open","ping_status":"closed","template":"","meta":{"_acf_changed":false,"_et_pb_use_builder":"","_et_pb_old_content":"","_et_gb_content_width":"","wds_primary_product_brand":0,"wds_primary_product_cat":0},"product_brand":[],"product_cat":[33],"product_tag":[],"class_list":{"0":"post-866","1":"product","2":"type-product","3":"status-publish","4":"has-post-thumbnail","6":"product_cat-sin-categorizar","8":"first","9":"instock","10":"shipping-taxable","11":"product-type-simple"},"acf":[],"_links":{"self":[{"href":"https:\/\/grupoalgamar.com\/es\/wp-json\/wp\/v2\/product\/866","targetHints":{"allow":["GET"]}}],"collection":[{"href":"https:\/\/grupoalgamar.com\/es\/wp-json\/wp\/v2\/product"}],"about":[{"href":"https:\/\/grupoalgamar.com\/es\/wp-json\/wp\/v2\/types\/product"}],"replies":[{"embeddable":true,"href":"https:\/\/grupoalgamar.com\/es\/wp-json\/wp\/v2\/comments?post=866"}],"wp:featuredmedia":[{"embeddable":true,"href":"https:\/\/grupoalgamar.com\/es\/wp-json\/wp\/v2\/media\/720"}],"wp:attachment":[{"href":"https:\/\/grupoalgamar.com\/es\/wp-json\/wp\/v2\/media?parent=866"}],"wp:term":[{"taxonomy":"product_brand","embeddable":true,"href":"https:\/\/grupoalgamar.com\/es\/wp-json\/wp\/v2\/product_brand?post=866"},{"taxonomy":"product_cat","embeddable":true,"href":"https:\/\/grupoalgamar.com\/es\/wp-json\/wp\/v2\/product_cat?post=866"},{"taxonomy":"product_tag","embeddable":true,"href":"https:\/\/grupoalgamar.com\/es\/wp-json\/wp\/v2\/product_tag?post=866"}],"curies":[{"name":"wp","href":"https:\/\/api.w.org\/{rel}","templated":true}]}}