{"id":864,"date":"2022-10-12T17:29:08","date_gmt":"2022-10-12T17:29:08","guid":{"rendered":"https:\/\/us.grupoalgamar.com\/product\/nkb\/"},"modified":"2022-12-11T23:24:04","modified_gmt":"2022-12-11T23:24:04","slug":"nkb","status":"publish","type":"product","link":"https:\/\/grupoalgamar.com\/es\/producto\/nkb\/","title":{"rendered":"NKB"},"content":{"rendered":"<p>NKB\u00ae es un polvo concentrado 100% de algas marinas que, debido a su composici\u00f3n bioqu\u00edmica natural, es una fuente rica en minerales y oligosac\u00e1ridos. Es un aglutinante de pellets org\u00e1nico, termorreactivo y de larga duraci\u00f3n que forma pellets de pienso duraderos con una excepcional estabilidad al agua a bajos niveles de inclusi\u00f3n.<\/p>\n","protected":false},"excerpt":{"rendered":"<p>NKB\u00ae es un polvo concentrado 100% de algas marinas que, debido a su composici\u00f3n bioqu\u00edmica natural, es una fuente rica en minerales y oligosac\u00e1ridos. Es un aglutinante de pellets org\u00e1nico, termorreactivo y de larga duraci\u00f3n que forma pellets de pienso duraderos con una excepcional estabilidad al agua a bajos niveles de inclusi\u00f3n.<\/p>\n","protected":false},"featured_media":640,"comment_status":"open","ping_status":"closed","template":"","meta":{"_acf_changed":false,"_et_pb_use_builder":"","_et_pb_old_content":"","_et_gb_content_width":"","wds_primary_product_brand":0,"wds_primary_product_cat":0},"product_brand":[],"product_cat":[33],"product_tag":[],"class_list":{"0":"post-864","1":"product","2":"type-product","3":"status-publish","4":"has-post-thumbnail","6":"product_cat-sin-categorizar","8":"first","9":"instock","10":"shipping-taxable","11":"product-type-simple"},"acf":[],"_links":{"self":[{"href":"https:\/\/grupoalgamar.com\/es\/wp-json\/wp\/v2\/product\/864","targetHints":{"allow":["GET"]}}],"collection":[{"href":"https:\/\/grupoalgamar.com\/es\/wp-json\/wp\/v2\/product"}],"about":[{"href":"https:\/\/grupoalgamar.com\/es\/wp-json\/wp\/v2\/types\/product"}],"replies":[{"embeddable":true,"href":"https:\/\/grupoalgamar.com\/es\/wp-json\/wp\/v2\/comments?post=864"}],"wp:featuredmedia":[{"embeddable":true,"href":"https:\/\/grupoalgamar.com\/es\/wp-json\/wp\/v2\/media\/640"}],"wp:attachment":[{"href":"https:\/\/grupoalgamar.com\/es\/wp-json\/wp\/v2\/media?parent=864"}],"wp:term":[{"taxonomy":"product_brand","embeddable":true,"href":"https:\/\/grupoalgamar.com\/es\/wp-json\/wp\/v2\/product_brand?post=864"},{"taxonomy":"product_cat","embeddable":true,"href":"https:\/\/grupoalgamar.com\/es\/wp-json\/wp\/v2\/product_cat?post=864"},{"taxonomy":"product_tag","embeddable":true,"href":"https:\/\/grupoalgamar.com\/es\/wp-json\/wp\/v2\/product_tag?post=864"}],"curies":[{"name":"wp","href":"https:\/\/api.w.org\/{rel}","templated":true}]}}