{"id":862,"date":"2022-11-02T19:31:03","date_gmt":"2022-11-03T02:31:03","guid":{"rendered":"https:\/\/us.grupoalgamar.com\/product\/seaweed-start-plus\/"},"modified":"2025-05-14T10:50:26","modified_gmt":"2025-05-14T17:50:26","slug":"seaweed-start-plus","status":"publish","type":"product","link":"https:\/\/grupoalgamar.com\/es\/producto\/seaweed-start-plus\/","title":{"rendered":"SEAWEED START PLUS"},"content":{"rendered":"<p>SEAWEED START PLUS\u00ae es un producto a base de algas (Macrocystis Pyrifera) extra fortificado con elementos altamente esenciales para regular y mejorar estructuras como la textura del suelo. Proporciona una eficaz y r\u00e1pida regulaci\u00f3n de la zona radicular, del mismo modo, estos elementos act\u00faan como catalizadores concentrados en el proceso de germinaci\u00f3n y vigor inicial, para as\u00ed proveer a la planta los minerales que requiere para su r\u00e1pido desarrollo inicial. Por lo tanto, garantizar\u00e1 la buena fijaci\u00f3n de las plantas en el campo a trav\u00e9s de una tasa de germinaci\u00f3n m\u00e1s alta y una tasa de emergencia de cultivos altamente uniformes.<\/p>\n","protected":false},"excerpt":{"rendered":"<p>SEAWEED START PLUS\u00ae es un producto a base de algas (Macrocystis Pyrifera) extra fortificado con elementos altamente esenciales para regular y mejorar estructuras como la textura del suelo. Proporciona una eficaz y r\u00e1pida regulaci\u00f3n de la zona radicular, del mismo modo, estos elementos act\u00faan como catalizadores concentrados en el proceso de germinaci\u00f3n y vigor inicial, [&hellip;]<\/p>\n","protected":false},"featured_media":1452,"comment_status":"open","ping_status":"closed","template":"","meta":{"_acf_changed":false,"_et_pb_use_builder":"","_et_pb_old_content":"","_et_gb_content_width":"","wds_primary_product_brand":0,"wds_primary_product_cat":0},"product_brand":[],"product_cat":[33],"product_tag":[],"class_list":{"0":"post-862","1":"product","2":"type-product","3":"status-publish","4":"has-post-thumbnail","6":"product_cat-sin-categorizar","8":"first","9":"instock","10":"shipping-taxable","11":"product-type-simple"},"acf":[],"_links":{"self":[{"href":"https:\/\/grupoalgamar.com\/es\/wp-json\/wp\/v2\/product\/862","targetHints":{"allow":["GET"]}}],"collection":[{"href":"https:\/\/grupoalgamar.com\/es\/wp-json\/wp\/v2\/product"}],"about":[{"href":"https:\/\/grupoalgamar.com\/es\/wp-json\/wp\/v2\/types\/product"}],"replies":[{"embeddable":true,"href":"https:\/\/grupoalgamar.com\/es\/wp-json\/wp\/v2\/comments?post=862"}],"wp:featuredmedia":[{"embeddable":true,"href":"https:\/\/grupoalgamar.com\/es\/wp-json\/wp\/v2\/media\/1452"}],"wp:attachment":[{"href":"https:\/\/grupoalgamar.com\/es\/wp-json\/wp\/v2\/media?parent=862"}],"wp:term":[{"taxonomy":"product_brand","embeddable":true,"href":"https:\/\/grupoalgamar.com\/es\/wp-json\/wp\/v2\/product_brand?post=862"},{"taxonomy":"product_cat","embeddable":true,"href":"https:\/\/grupoalgamar.com\/es\/wp-json\/wp\/v2\/product_cat?post=862"},{"taxonomy":"product_tag","embeddable":true,"href":"https:\/\/grupoalgamar.com\/es\/wp-json\/wp\/v2\/product_tag?post=862"}],"curies":[{"name":"wp","href":"https:\/\/api.w.org\/{rel}","templated":true}]}}