{"id":858,"date":"2022-11-02T19:57:03","date_gmt":"2022-11-03T02:57:03","guid":{"rendered":"https:\/\/us.grupoalgamar.com\/product\/seaweed-v-plus\/"},"modified":"2022-12-11T23:26:32","modified_gmt":"2022-12-11T23:26:32","slug":"seaweed-v-plus","status":"publish","type":"product","link":"https:\/\/grupoalgamar.com\/es\/producto\/seaweed-v-plus\/","title":{"rendered":"SEAWEED V PLUS"},"content":{"rendered":"<p>Seaweed V PLUS\u00ae es un producto a base de algas (Macrocystis Pyrifera). La f\u00f3rmula permitir\u00e1 que su cultivo cuente con un desarrollo vegetativo m\u00e1s amplio y excepcional, adem\u00e1s, durante el proceso de producci\u00f3n y diferenciaci\u00f3n sexual a\u00fan no visible, la planta podr\u00e1 contar con los nutrientes necesarios y esenciales para llegar a la etapa reproductiva en excelentes condiciones y con una diferenciaci\u00f3n positiva visible. Por ello, junto al extracto de alga parda (Macrocystis Pyrifera), la formulaci\u00f3n tambi\u00e9n contiene en altas concentraciones: Zinc, Magnesio, Potasio, Auxina y Giberelina<\/p>\n","protected":false},"excerpt":{"rendered":"<p>Seaweed V PLUS\u00ae es un producto a base de algas (Macrocystis Pyrifera). La f\u00f3rmula permitir\u00e1 que su cultivo cuente con un desarrollo vegetativo m\u00e1s amplio y excepcional, adem\u00e1s, durante el proceso de producci\u00f3n y diferenciaci\u00f3n sexual a\u00fan no visible, la planta podr\u00e1 contar con los nutrientes necesarios y esenciales para llegar a la etapa reproductiva [&hellip;]<\/p>\n","protected":false},"featured_media":1450,"comment_status":"open","ping_status":"closed","template":"","meta":{"_acf_changed":false,"_et_pb_use_builder":"","_et_pb_old_content":"","_et_gb_content_width":"","wds_primary_product_brand":0,"wds_primary_product_cat":0},"product_brand":[],"product_cat":[33],"product_tag":[],"class_list":{"0":"post-858","1":"product","2":"type-product","3":"status-publish","4":"has-post-thumbnail","6":"product_cat-sin-categorizar","8":"first","9":"instock","10":"shipping-taxable","11":"product-type-simple"},"acf":[],"_links":{"self":[{"href":"https:\/\/grupoalgamar.com\/es\/wp-json\/wp\/v2\/product\/858","targetHints":{"allow":["GET"]}}],"collection":[{"href":"https:\/\/grupoalgamar.com\/es\/wp-json\/wp\/v2\/product"}],"about":[{"href":"https:\/\/grupoalgamar.com\/es\/wp-json\/wp\/v2\/types\/product"}],"replies":[{"embeddable":true,"href":"https:\/\/grupoalgamar.com\/es\/wp-json\/wp\/v2\/comments?post=858"}],"wp:featuredmedia":[{"embeddable":true,"href":"https:\/\/grupoalgamar.com\/es\/wp-json\/wp\/v2\/media\/1450"}],"wp:attachment":[{"href":"https:\/\/grupoalgamar.com\/es\/wp-json\/wp\/v2\/media?parent=858"}],"wp:term":[{"taxonomy":"product_brand","embeddable":true,"href":"https:\/\/grupoalgamar.com\/es\/wp-json\/wp\/v2\/product_brand?post=858"},{"taxonomy":"product_cat","embeddable":true,"href":"https:\/\/grupoalgamar.com\/es\/wp-json\/wp\/v2\/product_cat?post=858"},{"taxonomy":"product_tag","embeddable":true,"href":"https:\/\/grupoalgamar.com\/es\/wp-json\/wp\/v2\/product_tag?post=858"}],"curies":[{"name":"wp","href":"https:\/\/api.w.org\/{rel}","templated":true}]}}