{"id":856,"date":"2022-11-02T20:15:17","date_gmt":"2022-11-03T03:15:17","guid":{"rendered":"https:\/\/us.grupoalgamar.com\/product\/seaweed-hp-plus\/"},"modified":"2023-06-22T10:23:49","modified_gmt":"2023-06-22T17:23:49","slug":"seaweed-hp-plus","status":"publish","type":"product","link":"https:\/\/grupoalgamar.com\/es\/producto\/seaweed-hp-plus\/","title":{"rendered":"SEAWEED HP PLUS"},"content":{"rendered":"<p>Seaweed HP PLUS\u00ae El contenido y formulaci\u00f3n de este producto se relaciona directamente con la importancia del gasto energ\u00e9tico que requiere la planta para la formaci\u00f3n, cantidad y calidad del fruto desarrollado por la misma.<\/p>\n<p>Seaweed HP PLUS\u00ae Enfoca sus esfuerzos en propiciar las vitaminas, minerales y amino\u00e1cidos esenciales a la planta para promover un crecimiento r\u00e1pido del fruto, de alta calidad y gran tama\u00f1o. Es por esto que los beneficios de los oligosac\u00e1ridos como inductores y amino\u00e1cidos del alga parda (Macrocystis Pyrifera) son excelentemente sin\u00e9rgicos con el Zinc, F\u00f3sforo, Boro, Calcio y Citoquininas. La alta concentraci\u00f3n de estos componentes en un solo producto permite que las plantas tengan rendimientos visibles y mejores en tiempos mucho m\u00e1s cortos.<\/p>\n","protected":false},"excerpt":{"rendered":"<p>Seaweed HP PLUS\u00ae El contenido y formulaci\u00f3n de este producto se relaciona directamente con la importancia del gasto energ\u00e9tico que requiere la planta para la formaci\u00f3n, cantidad y calidad del fruto desarrollado por la misma. Seaweed HP PLUS\u00ae Enfoca sus esfuerzos en propiciar las vitaminas, minerales y amino\u00e1cidos esenciales a la planta para promover un [&hellip;]<\/p>\n","protected":false},"featured_media":1442,"comment_status":"open","ping_status":"closed","template":"","meta":{"_acf_changed":false,"_et_pb_use_builder":"","_et_pb_old_content":"","_et_gb_content_width":"","wds_primary_product_brand":0,"wds_primary_product_cat":0},"product_brand":[],"product_cat":[33],"product_tag":[],"class_list":{"0":"post-856","1":"product","2":"type-product","3":"status-publish","4":"has-post-thumbnail","6":"product_cat-sin-categorizar","8":"first","9":"instock","10":"shipping-taxable","11":"product-type-simple"},"acf":[],"_links":{"self":[{"href":"https:\/\/grupoalgamar.com\/es\/wp-json\/wp\/v2\/product\/856","targetHints":{"allow":["GET"]}}],"collection":[{"href":"https:\/\/grupoalgamar.com\/es\/wp-json\/wp\/v2\/product"}],"about":[{"href":"https:\/\/grupoalgamar.com\/es\/wp-json\/wp\/v2\/types\/product"}],"replies":[{"embeddable":true,"href":"https:\/\/grupoalgamar.com\/es\/wp-json\/wp\/v2\/comments?post=856"}],"wp:featuredmedia":[{"embeddable":true,"href":"https:\/\/grupoalgamar.com\/es\/wp-json\/wp\/v2\/media\/1442"}],"wp:attachment":[{"href":"https:\/\/grupoalgamar.com\/es\/wp-json\/wp\/v2\/media?parent=856"}],"wp:term":[{"taxonomy":"product_brand","embeddable":true,"href":"https:\/\/grupoalgamar.com\/es\/wp-json\/wp\/v2\/product_brand?post=856"},{"taxonomy":"product_cat","embeddable":true,"href":"https:\/\/grupoalgamar.com\/es\/wp-json\/wp\/v2\/product_cat?post=856"},{"taxonomy":"product_tag","embeddable":true,"href":"https:\/\/grupoalgamar.com\/es\/wp-json\/wp\/v2\/product_tag?post=856"}],"curies":[{"name":"wp","href":"https:\/\/api.w.org\/{rel}","templated":true}]}}