{"id":847,"date":"2022-10-12T17:27:47","date_gmt":"2022-10-12T17:27:47","guid":{"rendered":"https:\/\/us.grupoalgamar.com\/product\/abkelp\/"},"modified":"2022-12-11T23:21:41","modified_gmt":"2022-12-11T23:21:41","slug":"abkelp","status":"publish","type":"product","link":"https:\/\/grupoalgamar.com\/es\/producto\/abkelp\/","title":{"rendered":"ABKELP"},"content":{"rendered":"<p>ABKelp\u00ae ofrece una gran ventaja de simulaci\u00f3n las algas naturales y, gracias a su forma natural, no es necesario adaptar los sistemas de alimentaci\u00f3n en operaciones agr\u00edcolas en tierra. Se ha dise\u00f1ado para proporcionar la misma textura, sabor y propiedades de atracci\u00f3n que tienen las antiguas frondas naturales, pero con un excelente valor nutritivo equilibrado para permitir un mejor crecimiento. Esto te permite suministrar el &#8220;alimento natural del fondo marino&#8221; a tu granja de abulones.<\/p>\n","protected":false},"excerpt":{"rendered":"<p>ABKelp\u00ae ofrece una gran ventaja de simulaci\u00f3n las algas naturales y, gracias a su forma natural, no es necesario adaptar los sistemas de alimentaci\u00f3n en operaciones agr\u00edcolas en tierra. Se ha dise\u00f1ado para proporcionar la misma textura, sabor y propiedades de atracci\u00f3n que tienen las antiguas frondas naturales, pero con un excelente valor nutritivo equilibrado [&hellip;]<\/p>\n","protected":false},"featured_media":644,"comment_status":"open","ping_status":"closed","template":"","meta":{"_acf_changed":false,"_et_pb_use_builder":"","_et_pb_old_content":"","_et_gb_content_width":"","wds_primary_product_brand":0,"wds_primary_product_cat":0},"product_brand":[],"product_cat":[33],"product_tag":[],"class_list":{"0":"post-847","1":"product","2":"type-product","3":"status-publish","4":"has-post-thumbnail","6":"product_cat-sin-categorizar","8":"first","9":"instock","10":"shipping-taxable","11":"product-type-simple"},"acf":[],"_links":{"self":[{"href":"https:\/\/grupoalgamar.com\/es\/wp-json\/wp\/v2\/product\/847","targetHints":{"allow":["GET"]}}],"collection":[{"href":"https:\/\/grupoalgamar.com\/es\/wp-json\/wp\/v2\/product"}],"about":[{"href":"https:\/\/grupoalgamar.com\/es\/wp-json\/wp\/v2\/types\/product"}],"replies":[{"embeddable":true,"href":"https:\/\/grupoalgamar.com\/es\/wp-json\/wp\/v2\/comments?post=847"}],"wp:featuredmedia":[{"embeddable":true,"href":"https:\/\/grupoalgamar.com\/es\/wp-json\/wp\/v2\/media\/644"}],"wp:attachment":[{"href":"https:\/\/grupoalgamar.com\/es\/wp-json\/wp\/v2\/media?parent=847"}],"wp:term":[{"taxonomy":"product_brand","embeddable":true,"href":"https:\/\/grupoalgamar.com\/es\/wp-json\/wp\/v2\/product_brand?post=847"},{"taxonomy":"product_cat","embeddable":true,"href":"https:\/\/grupoalgamar.com\/es\/wp-json\/wp\/v2\/product_cat?post=847"},{"taxonomy":"product_tag","embeddable":true,"href":"https:\/\/grupoalgamar.com\/es\/wp-json\/wp\/v2\/product_tag?post=847"}],"curies":[{"name":"wp","href":"https:\/\/api.w.org\/{rel}","templated":true}]}}