{"id":846,"date":"2022-10-12T17:26:49","date_gmt":"2022-10-13T00:26:49","guid":{"rendered":"https:\/\/us.grupoalgamar.com\/product\/seaweed-dry\/"},"modified":"2025-08-26T19:28:28","modified_gmt":"2025-08-27T02:28:28","slug":"seaweed-dry","status":"publish","type":"product","link":"https:\/\/grupoalgamar.com\/es\/producto\/seaweed-dry\/","title":{"rendered":"SEAWEED DRY"},"content":{"rendered":"<p>SeaweedDry\u00ae es nuestro Extracto Soluble de Algas Marinas en Polvo, que es un extracto l\u00edquido deshidratado elaborado a partir del alga gigante macrocystis pyrifera, recolectada en las aguas frescas y fr\u00edas del Oc\u00e9ano Pac\u00edfico Norte. Proporcionar\u00e1 un nutriente vegetal a su cultivo y una fuente de macro y micro nutrientes quelatados, amino\u00e1cidos y oligosac\u00e1ridos que se encuentran de forma natural en el agua de mar. Se sabe que estos compuestos aceleran el crecimiento, aumentan la floraci\u00f3n y la fructificaci\u00f3n, intensifican el color y proporcionan resistencia a las enfermedades, los insectos, la sequ\u00eda y las heladas.<\/p>\n","protected":false},"excerpt":{"rendered":"<p>SeaweedDry\u00ae es nuestro Extracto Soluble de Algas Marinas en Polvo, que es un extracto l\u00edquido deshidratado elaborado a partir del alga gigante macrocystis pyrifera, recolectada en las aguas frescas y fr\u00edas del Oc\u00e9ano Pac\u00edfico Norte. Proporcionar\u00e1 un nutriente vegetal a su cultivo y una fuente de macro y micro nutrientes quelatados, amino\u00e1cidos y oligosac\u00e1ridos que [&hellip;]<\/p>\n","protected":false},"featured_media":711,"comment_status":"open","ping_status":"closed","template":"","meta":{"_acf_changed":false,"_et_pb_use_builder":"","_et_pb_old_content":"","_et_gb_content_width":"","wds_primary_product_brand":0,"wds_primary_product_cat":0},"product_brand":[],"product_cat":[33],"product_tag":[],"class_list":{"0":"post-846","1":"product","2":"type-product","3":"status-publish","4":"has-post-thumbnail","6":"product_cat-sin-categorizar","8":"first","9":"instock","10":"shipping-taxable","11":"product-type-simple"},"acf":[],"_links":{"self":[{"href":"https:\/\/grupoalgamar.com\/es\/wp-json\/wp\/v2\/product\/846","targetHints":{"allow":["GET"]}}],"collection":[{"href":"https:\/\/grupoalgamar.com\/es\/wp-json\/wp\/v2\/product"}],"about":[{"href":"https:\/\/grupoalgamar.com\/es\/wp-json\/wp\/v2\/types\/product"}],"replies":[{"embeddable":true,"href":"https:\/\/grupoalgamar.com\/es\/wp-json\/wp\/v2\/comments?post=846"}],"wp:featuredmedia":[{"embeddable":true,"href":"https:\/\/grupoalgamar.com\/es\/wp-json\/wp\/v2\/media\/711"}],"wp:attachment":[{"href":"https:\/\/grupoalgamar.com\/es\/wp-json\/wp\/v2\/media?parent=846"}],"wp:term":[{"taxonomy":"product_brand","embeddable":true,"href":"https:\/\/grupoalgamar.com\/es\/wp-json\/wp\/v2\/product_brand?post=846"},{"taxonomy":"product_cat","embeddable":true,"href":"https:\/\/grupoalgamar.com\/es\/wp-json\/wp\/v2\/product_cat?post=846"},{"taxonomy":"product_tag","embeddable":true,"href":"https:\/\/grupoalgamar.com\/es\/wp-json\/wp\/v2\/product_tag?post=846"}],"curies":[{"name":"wp","href":"https:\/\/api.w.org\/{rel}","templated":true}]}}