{"id":845,"date":"2022-10-12T17:25:17","date_gmt":"2022-10-13T00:25:17","guid":{"rendered":"https:\/\/us.grupoalgamar.com\/product\/seaweed\/"},"modified":"2025-05-14T11:02:47","modified_gmt":"2025-05-14T18:02:47","slug":"seaweed","status":"publish","type":"product","link":"https:\/\/grupoalgamar.com\/es\/producto\/seaweed\/","title":{"rendered":"SEAWEED"},"content":{"rendered":"<p>Seaweed\u00ae es un extracto concentrado que act\u00faa como nutriente vegetal y que se obtiene del alga gigante Macrocystis pyrifera, que se recolecta en las aguas dulces y fr\u00edas del Oc\u00e9ano Pac\u00edfico. Act\u00faa como fuente de nutrientes macro y microquelados, amino\u00e1cidos y oligosac\u00e1ridos que se encuentran de forma natural en el agua. Las Algas Marinas\u00ae tambi\u00e9n est\u00e1n compuestas naturalmente por Elicitores como la Laminaria, oligosac\u00e1rido, entre otros compuestos que estimulan la generaci\u00f3n de fitoalexinas, sustancias que inducen el mecanismo de defensa natural de las plantas para contrarrestar el da\u00f1o causado por pat\u00f3genos y plagas.<\/p>\n<p>Se sabe que los extractos de algas aceleran el crecimiento, la floraci\u00f3n y proporcionan resistencia a las enfermedades, los insectos, la sequ\u00eda y las heladas.<\/p>\n","protected":false},"excerpt":{"rendered":"<p>Seaweed\u00ae es un extracto concentrado que act\u00faa como nutriente vegetal y que se obtiene del alga gigante Macrocystis pyrifera, que se recolecta en las aguas dulces y fr\u00edas del Oc\u00e9ano Pac\u00edfico. Act\u00faa como fuente de nutrientes macro y microquelados, amino\u00e1cidos y oligosac\u00e1ridos que se encuentran de forma natural en el agua. Las Algas Marinas\u00ae tambi\u00e9n [&hellip;]<\/p>\n","protected":false},"featured_media":1446,"comment_status":"open","ping_status":"closed","template":"","meta":{"_acf_changed":false,"_et_pb_use_builder":"","_et_pb_old_content":"","_et_gb_content_width":"","wds_primary_product_brand":0,"wds_primary_product_cat":0},"product_brand":[],"product_cat":[33],"product_tag":[],"class_list":{"0":"post-845","1":"product","2":"type-product","3":"status-publish","4":"has-post-thumbnail","6":"product_cat-sin-categorizar","8":"first","9":"instock","10":"shipping-taxable","11":"product-type-simple"},"acf":[],"_links":{"self":[{"href":"https:\/\/grupoalgamar.com\/es\/wp-json\/wp\/v2\/product\/845","targetHints":{"allow":["GET"]}}],"collection":[{"href":"https:\/\/grupoalgamar.com\/es\/wp-json\/wp\/v2\/product"}],"about":[{"href":"https:\/\/grupoalgamar.com\/es\/wp-json\/wp\/v2\/types\/product"}],"replies":[{"embeddable":true,"href":"https:\/\/grupoalgamar.com\/es\/wp-json\/wp\/v2\/comments?post=845"}],"wp:featuredmedia":[{"embeddable":true,"href":"https:\/\/grupoalgamar.com\/es\/wp-json\/wp\/v2\/media\/1446"}],"wp:attachment":[{"href":"https:\/\/grupoalgamar.com\/es\/wp-json\/wp\/v2\/media?parent=845"}],"wp:term":[{"taxonomy":"product_brand","embeddable":true,"href":"https:\/\/grupoalgamar.com\/es\/wp-json\/wp\/v2\/product_brand?post=845"},{"taxonomy":"product_cat","embeddable":true,"href":"https:\/\/grupoalgamar.com\/es\/wp-json\/wp\/v2\/product_cat?post=845"},{"taxonomy":"product_tag","embeddable":true,"href":"https:\/\/grupoalgamar.com\/es\/wp-json\/wp\/v2\/product_tag?post=845"}],"curies":[{"name":"wp","href":"https:\/\/api.w.org\/{rel}","templated":true}]}}