{"id":1247,"date":"2025-02-17T14:08:17","date_gmt":"2025-02-17T22:08:17","guid":{"rendered":"https:\/\/grupoalgamar.com\/product\/asphy-extract\/"},"modified":"2025-08-27T10:15:34","modified_gmt":"2025-08-27T17:15:34","slug":"asphy-extract","status":"publish","type":"product","link":"https:\/\/grupoalgamar.com\/es\/producto\/asphy-extract\/","title":{"rendered":"ASPHY Extract"},"content":{"rendered":"<p>Ascophyllum nodosum, es reconocida por sus excepcionales propiedades nutritivas y beneficiosas para la agricultura. Es altamente valorada por su riqueza en nutrientes esenciales, incluidos minerales, vitaminas, amino\u00e1cidos y polisac\u00e1ridos. Su aplicaci\u00f3n en la agricultura ofrece una amplia gama de beneficios, como el est\u00edmulo del crecimiento de las plantas, la mejora de la salud del suelo y la potenciaci\u00f3n de la resistencia a estr\u00e9s bi\u00f3tico y abi\u00f3tico. Adem\u00e1s, sus extractos act\u00faan como bioestimulantes naturales, promoviendo un desarrollo m\u00e1s vigoroso y una mayor productividad en los cultivos.<\/p>\n<p>Ascophyllum nodosum, cosechada en las fr\u00edas aguas del mar de Islandia, utilizando barcos especializados que permiten la sustentabilidad del recurso, nuestro grupo cosecha el alga y de inmediato es secada con aire forzado para mantener la calidad de sus componentes. Ascophyllum se caracteriza por contener una mayor consentraci\u00f3n de mol\u00e9culas similares a las citoquininas que con ayuda del fucoidan y alginatos promueven la producci\u00f3n de fitohormonas en las plantas terrestres.<\/p>\n","protected":false},"excerpt":{"rendered":"<p>Ascophyllum nodosum, es reconocida por sus excepcionales propiedades nutritivas y beneficiosas para la agricultura. Es altamente valorada por su riqueza en nutrientes esenciales, incluidos minerales, vitaminas, amino\u00e1cidos y polisac\u00e1ridos. Su aplicaci\u00f3n en la agricultura ofrece una amplia gama de beneficios, como el est\u00edmulo del crecimiento de las plantas, la mejora de la salud del suelo [&hellip;]<\/p>\n","protected":false},"featured_media":1438,"comment_status":"open","ping_status":"closed","template":"","meta":{"_acf_changed":false,"_et_pb_use_builder":"","_et_pb_old_content":"","_et_gb_content_width":"","wds_primary_product_brand":0,"wds_primary_product_cat":0},"product_brand":[],"product_cat":[33],"product_tag":[],"class_list":{"0":"post-1247","1":"product","2":"type-product","3":"status-publish","4":"has-post-thumbnail","6":"product_cat-sin-categorizar","8":"first","9":"instock","10":"shipping-taxable","11":"product-type-simple"},"acf":[],"_links":{"self":[{"href":"https:\/\/grupoalgamar.com\/es\/wp-json\/wp\/v2\/product\/1247","targetHints":{"allow":["GET"]}}],"collection":[{"href":"https:\/\/grupoalgamar.com\/es\/wp-json\/wp\/v2\/product"}],"about":[{"href":"https:\/\/grupoalgamar.com\/es\/wp-json\/wp\/v2\/types\/product"}],"replies":[{"embeddable":true,"href":"https:\/\/grupoalgamar.com\/es\/wp-json\/wp\/v2\/comments?post=1247"}],"wp:featuredmedia":[{"embeddable":true,"href":"https:\/\/grupoalgamar.com\/es\/wp-json\/wp\/v2\/media\/1438"}],"wp:attachment":[{"href":"https:\/\/grupoalgamar.com\/es\/wp-json\/wp\/v2\/media?parent=1247"}],"wp:term":[{"taxonomy":"product_brand","embeddable":true,"href":"https:\/\/grupoalgamar.com\/es\/wp-json\/wp\/v2\/product_brand?post=1247"},{"taxonomy":"product_cat","embeddable":true,"href":"https:\/\/grupoalgamar.com\/es\/wp-json\/wp\/v2\/product_cat?post=1247"},{"taxonomy":"product_tag","embeddable":true,"href":"https:\/\/grupoalgamar.com\/es\/wp-json\/wp\/v2\/product_tag?post=1247"}],"curies":[{"name":"wp","href":"https:\/\/api.w.org\/{rel}","templated":true}]}}