{"id":1245,"date":"2025-02-17T13:52:45","date_gmt":"2025-02-17T21:52:45","guid":{"rendered":"https:\/\/grupoalgamar.com\/product\/ecko-extract\/"},"modified":"2025-08-27T10:15:17","modified_gmt":"2025-08-27T17:15:17","slug":"ecko-extract","status":"publish","type":"product","link":"https:\/\/grupoalgamar.com\/es\/producto\/ecko-extract\/","title":{"rendered":"ECKO Extract"},"content":{"rendered":"<p>El alga Ecklonia es producida en cultivo y cosechada de mantos naturales en el pac\u00edfico de Baja California. Se caracteriza por siempre estar bajo el agua, lo que garantiza una estable y amplia composici\u00f3n nutricional.<\/p>\n<p>El extracto de Ecklonia es conocido por su capacidad para estimular el crecimiento de las plantas. Contiene hormonas naturales como auxinas y citoquininas que promueven la divisi\u00f3n celular y la elongaci\u00f3n, lo que resulta en plantas m\u00e1s robustas y con un desarrollo acelerado.<\/p>\n<p>ECKO Extract ayuda a las plantas a resistir mejor condiciones de estr\u00e9s como sequ\u00edas, temperaturas extremas, y salinidad. Los compuestos bioactivos presentes en Ecklonia aumentan la resistencia natural de las plantas frente a factores ambientales adversos.<\/p>\n<p>Los florotaninos (polifenoles) son un grupo \u00fanico de pol\u00edmeros sintetizados por algas pardas, en este caso por Ecklonia. Son estructuralmente an\u00e1logos a los taninos que se encuentran en las plantas terrestres. Las funciones biol\u00f3gicas (fitoactividad) de los florotaninos desempe\u00f1an un papel importante en la formaci\u00f3n y estructura de la pared celular, la protecci\u00f3n UV y como posible mecanismo de defensa contra la herbivor\u00eda.<\/p>\n","protected":false},"excerpt":{"rendered":"<p>El alga Ecklonia es producida en cultivo y cosechada de mantos naturales en el pac\u00edfico de Baja California. Se caracteriza por siempre estar bajo el agua, lo que garantiza una estable y amplia composici\u00f3n nutricional. El extracto de Ecklonia es conocido por su capacidad para estimular el crecimiento de las plantas. Contiene hormonas naturales como [&hellip;]<\/p>\n","protected":false},"featured_media":1440,"comment_status":"open","ping_status":"closed","template":"","meta":{"_acf_changed":false,"_et_pb_use_builder":"","_et_pb_old_content":"","_et_gb_content_width":"","wds_primary_product_brand":0,"wds_primary_product_cat":0},"product_brand":[],"product_cat":[33],"product_tag":[],"class_list":{"0":"post-1245","1":"product","2":"type-product","3":"status-publish","4":"has-post-thumbnail","6":"product_cat-sin-categorizar","8":"first","9":"instock","10":"shipping-taxable","11":"product-type-simple"},"acf":[],"_links":{"self":[{"href":"https:\/\/grupoalgamar.com\/es\/wp-json\/wp\/v2\/product\/1245","targetHints":{"allow":["GET"]}}],"collection":[{"href":"https:\/\/grupoalgamar.com\/es\/wp-json\/wp\/v2\/product"}],"about":[{"href":"https:\/\/grupoalgamar.com\/es\/wp-json\/wp\/v2\/types\/product"}],"replies":[{"embeddable":true,"href":"https:\/\/grupoalgamar.com\/es\/wp-json\/wp\/v2\/comments?post=1245"}],"wp:featuredmedia":[{"embeddable":true,"href":"https:\/\/grupoalgamar.com\/es\/wp-json\/wp\/v2\/media\/1440"}],"wp:attachment":[{"href":"https:\/\/grupoalgamar.com\/es\/wp-json\/wp\/v2\/media?parent=1245"}],"wp:term":[{"taxonomy":"product_brand","embeddable":true,"href":"https:\/\/grupoalgamar.com\/es\/wp-json\/wp\/v2\/product_brand?post=1245"},{"taxonomy":"product_cat","embeddable":true,"href":"https:\/\/grupoalgamar.com\/es\/wp-json\/wp\/v2\/product_cat?post=1245"},{"taxonomy":"product_tag","embeddable":true,"href":"https:\/\/grupoalgamar.com\/es\/wp-json\/wp\/v2\/product_tag?post=1245"}],"curies":[{"name":"wp","href":"https:\/\/api.w.org\/{rel}","templated":true}]}}