{"id":1239,"date":"2025-02-17T11:41:45","date_gmt":"2025-02-17T19:41:45","guid":{"rendered":"https:\/\/grupoalgamar.com\/product\/asphy-serum\/"},"modified":"2025-02-17T15:36:43","modified_gmt":"2025-02-17T23:36:43","slug":"asphy-serum","status":"publish","type":"product","link":"https:\/\/grupoalgamar.com\/es\/producto\/asphy-serum\/","title":{"rendered":"ASPHY Serum"},"content":{"rendered":"<p>Ascophyllum nodosum es reconocido por sus excepcionales propiedades nutricionales y beneficios agr\u00edcolas, muy valorado por su riqueza en nutrientes esenciales, incluidos minerales, vitaminas, amino\u00e1cidos y polisac\u00e1ridos. Sus funciones principales en los cultivos incluyen la promoci\u00f3n de la germinaci\u00f3n, el fortalecimiento de la resistencia a enfermedades, la mejora de la absorci\u00f3n de nutrientes por parte de las plantas. Adem\u00e1s, su extracto act\u00faa naturalmente como est\u00edmulo del crecimiento de las ra\u00edces y la activaci\u00f3n de funciones biol\u00f3gicas que favorecen el desarrollo de las plantas.<\/p>\n<p>El alga es cosechada en las fr\u00edas aguas del mar de Islandia, utilizando barcos especiales que permiten la sustentabilidad del recurso, nuestro grupo cosecha el alga y de inmediato es secada con aire forzado para mantener la calidad de sus componentes. Ascophyllum se caracteriza por contener una mayor consentraci\u00f3n de mol\u00e9culas similares a las citoquininas que con ayuda del fucoidan y alginatos promueven la producci\u00f3n de fitohormonas en las plantas terrestres.<\/p>\n<p>Gracias a su alta solubilidad y bajo peso molecular, ASPHY serum, es perfecto para formulaciones personalizadas, potenciando mezclas existentes y facilitando su comercializaci\u00f3n. Su capacidad de complementar y enriquecer las mezclas lo convierte en una elecci\u00f3n excepcional para optimizar el rendimiento de tus cultivos.<\/p>\n","protected":false},"excerpt":{"rendered":"<p>Ascophyllum nodosum es reconocido por sus excepcionales propiedades nutricionales y beneficios agr\u00edcolas, muy valorado por su riqueza en nutrientes esenciales, incluidos minerales, vitaminas, amino\u00e1cidos y polisac\u00e1ridos. Sus funciones principales en los cultivos incluyen la promoci\u00f3n de la germinaci\u00f3n, el fortalecimiento de la resistencia a enfermedades, la mejora de la absorci\u00f3n de nutrientes por parte de [&hellip;]<\/p>\n","protected":false},"featured_media":1228,"comment_status":"open","ping_status":"closed","template":"","meta":{"_acf_changed":false,"_et_pb_use_builder":"","_et_pb_old_content":"","_et_gb_content_width":"","wds_primary_product_brand":0,"wds_primary_product_cat":0},"product_brand":[],"product_cat":[33],"product_tag":[],"class_list":{"0":"post-1239","1":"product","2":"type-product","3":"status-publish","4":"has-post-thumbnail","6":"product_cat-sin-categorizar","8":"first","9":"instock","10":"shipping-taxable","11":"product-type-simple"},"acf":[],"_links":{"self":[{"href":"https:\/\/grupoalgamar.com\/es\/wp-json\/wp\/v2\/product\/1239","targetHints":{"allow":["GET"]}}],"collection":[{"href":"https:\/\/grupoalgamar.com\/es\/wp-json\/wp\/v2\/product"}],"about":[{"href":"https:\/\/grupoalgamar.com\/es\/wp-json\/wp\/v2\/types\/product"}],"replies":[{"embeddable":true,"href":"https:\/\/grupoalgamar.com\/es\/wp-json\/wp\/v2\/comments?post=1239"}],"wp:featuredmedia":[{"embeddable":true,"href":"https:\/\/grupoalgamar.com\/es\/wp-json\/wp\/v2\/media\/1228"}],"wp:attachment":[{"href":"https:\/\/grupoalgamar.com\/es\/wp-json\/wp\/v2\/media?parent=1239"}],"wp:term":[{"taxonomy":"product_brand","embeddable":true,"href":"https:\/\/grupoalgamar.com\/es\/wp-json\/wp\/v2\/product_brand?post=1239"},{"taxonomy":"product_cat","embeddable":true,"href":"https:\/\/grupoalgamar.com\/es\/wp-json\/wp\/v2\/product_cat?post=1239"},{"taxonomy":"product_tag","embeddable":true,"href":"https:\/\/grupoalgamar.com\/es\/wp-json\/wp\/v2\/product_tag?post=1239"}],"curies":[{"name":"wp","href":"https:\/\/api.w.org\/{rel}","templated":true}]}}