{"id":1238,"date":"2025-02-17T11:49:14","date_gmt":"2025-02-17T19:49:14","guid":{"rendered":"https:\/\/grupoalgamar.com\/product\/ecko-serum\/"},"modified":"2025-02-17T15:36:43","modified_gmt":"2025-02-17T23:36:43","slug":"ecko-serum","status":"publish","type":"product","link":"https:\/\/grupoalgamar.com\/es\/producto\/ecko-serum\/","title":{"rendered":"ECKO Serum"},"content":{"rendered":"<p>Ecklonia arborea se cultiva y cosecha en bancos naturales del Oc\u00e9ano Pac\u00edfico frente a Baja California. Se caracteriza por estar siempre bajo el agua, lo que garantiza una composici\u00f3n nutricional estable y rica.<\/p>\n<p>Es un extracto de alga Ecklonia arborea en forma de l\u00edquido\/pasta s\u00faper concentrado que act\u00faa como nutriente vegetal org\u00e1nico. Este producto ha sido desarrollado pensando en ofrecer resultados superiores, gracias a su f\u00f3rmula concentrada que permite una mayor eficacia en su aplicaci\u00f3n. ECKO serum incluye promotores de crecimiento, macro y micro nutrientes quelatados, amino\u00e1cidos y oligosac\u00e1ridos. Adem\u00e1s, contiene mol\u00e9culas que ofrecen la misma funcionalidad que las fitohormonas naturales(Ecklonia se caracteriza por una mayor concentraci\u00f3n de mol\u00e9culas similares a las aux\u00ednas), que estimulan el crecimiento de las plantas de manera \u00f3ptima. Con &#8220;ECKO Serum&#8221;, obtendr\u00e1s un producto de calidad excepcional que ofrece resultados superiores para el desarrollo y rendimiento de tus cultivos.<\/p>\n<p>Gracias a su alta solubilidad y bajo peso molecular, ECKO serum, es perfecto para formulaciones personalizadas, potenciando mezclas existentes y facilitando su comercializaci\u00f3n. Su capacidad de complementar y enriquecer las mezclas lo convierte en una elecci\u00f3n excepcional para optimizar el rendimiento de tus cultivos.<\/p>\n","protected":false},"excerpt":{"rendered":"<p>Ecklonia arborea se cultiva y cosecha en bancos naturales del Oc\u00e9ano Pac\u00edfico frente a Baja California. Se caracteriza por estar siempre bajo el agua, lo que garantiza una composici\u00f3n nutricional estable y rica. Es un extracto de alga Ecklonia arborea en forma de l\u00edquido\/pasta s\u00faper concentrado que act\u00faa como nutriente vegetal org\u00e1nico. Este producto ha [&hellip;]<\/p>\n","protected":false},"featured_media":1231,"comment_status":"open","ping_status":"closed","template":"","meta":{"_acf_changed":false,"_et_pb_use_builder":"","_et_pb_old_content":"","_et_gb_content_width":"","wds_primary_product_brand":0,"wds_primary_product_cat":0},"product_brand":[],"product_cat":[33],"product_tag":[],"class_list":{"0":"post-1238","1":"product","2":"type-product","3":"status-publish","4":"has-post-thumbnail","6":"product_cat-sin-categorizar","8":"first","9":"instock","10":"shipping-taxable","11":"product-type-simple"},"acf":[],"_links":{"self":[{"href":"https:\/\/grupoalgamar.com\/es\/wp-json\/wp\/v2\/product\/1238","targetHints":{"allow":["GET"]}}],"collection":[{"href":"https:\/\/grupoalgamar.com\/es\/wp-json\/wp\/v2\/product"}],"about":[{"href":"https:\/\/grupoalgamar.com\/es\/wp-json\/wp\/v2\/types\/product"}],"replies":[{"embeddable":true,"href":"https:\/\/grupoalgamar.com\/es\/wp-json\/wp\/v2\/comments?post=1238"}],"wp:featuredmedia":[{"embeddable":true,"href":"https:\/\/grupoalgamar.com\/es\/wp-json\/wp\/v2\/media\/1231"}],"wp:attachment":[{"href":"https:\/\/grupoalgamar.com\/es\/wp-json\/wp\/v2\/media?parent=1238"}],"wp:term":[{"taxonomy":"product_brand","embeddable":true,"href":"https:\/\/grupoalgamar.com\/es\/wp-json\/wp\/v2\/product_brand?post=1238"},{"taxonomy":"product_cat","embeddable":true,"href":"https:\/\/grupoalgamar.com\/es\/wp-json\/wp\/v2\/product_cat?post=1238"},{"taxonomy":"product_tag","embeddable":true,"href":"https:\/\/grupoalgamar.com\/es\/wp-json\/wp\/v2\/product_tag?post=1238"}],"curies":[{"name":"wp","href":"https:\/\/api.w.org\/{rel}","templated":true}]}}