{"id":1237,"date":"2025-02-17T11:50:56","date_gmt":"2025-02-17T19:50:56","guid":{"rendered":"https:\/\/grupoalgamar.com\/product\/suero-de-algas-macrocystis\/"},"modified":"2025-02-17T15:36:42","modified_gmt":"2025-02-17T23:36:42","slug":"macro-serum","status":"publish","type":"product","link":"https:\/\/grupoalgamar.com\/es\/producto\/macro-serum\/","title":{"rendered":"MACRO Serum"},"content":{"rendered":"<p>Gracias a su alta solubilidad y bajo peso molecular MACRO Serum es perfecto para formulaciones personalizadas, potenciando mezclas existentes y facilitando su comercializaci\u00f3n. Este producto ha sido desarrollado para ofrecer resultados superiores gracias a su f\u00f3rmula concentrada, que asegura una mayor eficacia en su aplicaci\u00f3n. El Suero de Algas incluye promotores de crecimiento, macronutrientes y micronutrientes quelados, amino\u00e1cidos y oligosac\u00e1ridos. Adem\u00e1s, contiene fitohormonas naturales propias de las algas, que estimulan de manera \u00f3ptima el crecimiento de las plantas. Con el Suero de Algas, recibir\u00e1s un producto de calidad excepcional que proporciona resultados superiores para el desarrollo y rendimiento de los cultivos.<\/p>\n<p>Gracias a su alta solubilidad y bajo peso molecular MACRO serum es perfecto para formulaciones personalizadas, potenciando mezclas existentes y facilitando su comercializaci\u00f3n. Su capacidad de complementar y enriquecer las mezclas lo convierte en una elecci\u00f3n excepcional para optimizar el rendimiento de tus cultivos.<br \/>\nAdem\u00e1s, debido a su proceso de fabricaci\u00f3n enfocado en la extracci\u00f3n de polisac\u00e1ridos sulfatados, logramos concentrar una mayor cantidad para ofrecer mayor impacto en sus resultados, mientras que los minerales p\u00e9senles en el alga que no se extraen proporcionalmente, se mantienen en rangos de concentraci\u00f3n equilibrados en base a su composici\u00f3n.<\/p>\n<p>Este producto act\u00faa como potencializador para todos los elementos presentes en la formulaci\u00f3n de productos terminados. Contiene alginatos, oligosac\u00e1ridos de bajo peso molecular unidos por \u00e1cido \u03b2-1,4-manur\u00f3nico (M) y \u00e1cido \u03b1-1,4-gulur\u00f3nico (G), presentes en Macrocystis pyrifera. Adem\u00e1s, incluye fucoidan, laminaran y manitol en forma de oligosac\u00e1ridos, que son az\u00facares de reserva en la macro alga.<br \/>\nSus funciones principales en los cultivos incluyen la promoci\u00f3n de la germinaci\u00f3n, el fortalecimiento de la resistencia a enfermedades, la mejora de la absorci\u00f3n de nutrientes por parte de las plantas, el est\u00edmulo del crecimiento de las ra\u00edces y la activaci\u00f3n de funciones biol\u00f3gicas que favorecen el desarrollo de las plantas.<\/p>\n","protected":false},"excerpt":{"rendered":"<p>Gracias a su alta solubilidad y bajo peso molecular MACRO Serum es perfecto para formulaciones personalizadas, potenciando mezclas existentes y facilitando su comercializaci\u00f3n. Este producto ha sido desarrollado para ofrecer resultados superiores gracias a su f\u00f3rmula concentrada, que asegura una mayor eficacia en su aplicaci\u00f3n. El Suero de Algas incluye promotores de crecimiento, macronutrientes y [&hellip;]<\/p>\n","protected":false},"featured_media":1235,"comment_status":"open","ping_status":"closed","template":"","meta":{"_acf_changed":false,"_et_pb_use_builder":"","_et_pb_old_content":"","_et_gb_content_width":"","wds_primary_product_brand":0,"wds_primary_product_cat":0},"product_brand":[],"product_cat":[33],"product_tag":[],"class_list":{"0":"post-1237","1":"product","2":"type-product","3":"status-publish","4":"has-post-thumbnail","6":"product_cat-sin-categorizar","8":"first","9":"instock","10":"shipping-taxable","11":"product-type-simple"},"acf":[],"_links":{"self":[{"href":"https:\/\/grupoalgamar.com\/es\/wp-json\/wp\/v2\/product\/1237","targetHints":{"allow":["GET"]}}],"collection":[{"href":"https:\/\/grupoalgamar.com\/es\/wp-json\/wp\/v2\/product"}],"about":[{"href":"https:\/\/grupoalgamar.com\/es\/wp-json\/wp\/v2\/types\/product"}],"replies":[{"embeddable":true,"href":"https:\/\/grupoalgamar.com\/es\/wp-json\/wp\/v2\/comments?post=1237"}],"wp:featuredmedia":[{"embeddable":true,"href":"https:\/\/grupoalgamar.com\/es\/wp-json\/wp\/v2\/media\/1235"}],"wp:attachment":[{"href":"https:\/\/grupoalgamar.com\/es\/wp-json\/wp\/v2\/media?parent=1237"}],"wp:term":[{"taxonomy":"product_brand","embeddable":true,"href":"https:\/\/grupoalgamar.com\/es\/wp-json\/wp\/v2\/product_brand?post=1237"},{"taxonomy":"product_cat","embeddable":true,"href":"https:\/\/grupoalgamar.com\/es\/wp-json\/wp\/v2\/product_cat?post=1237"},{"taxonomy":"product_tag","embeddable":true,"href":"https:\/\/grupoalgamar.com\/es\/wp-json\/wp\/v2\/product_tag?post=1237"}],"curies":[{"name":"wp","href":"https:\/\/api.w.org\/{rel}","templated":true}]}}